{"id":692,"date":"2010-09-28T13:46:10","date_gmt":"2010-09-28T11:46:10","guid":{"rendered":"http:\/\/www.pjh.fr\/wordpress\/?page_id=692"},"modified":"2010-09-28T13:47:15","modified_gmt":"2010-09-28T11:47:15","slug":"myelofibrose-prmitive-score-pronostique-score-de-lille","status":"publish","type":"page","link":"http:\/\/www.pjh.fr\/wordpress\/?page_id=692","title":{"rendered":"My\u00e9lofibrose prmitive : score pronostique (Score de Lille)"},"content":{"rendered":"<p>Facteurs de risque :<\/p>\n<ol>\n<li>H\u00e9moglobine &lt; 10 g\/dl<\/li>\n<li>Leucocytes &lt; 4000\/mm3 ou &gt; 30000\/mm3<\/li>\n<\/ol>\n<p>Index pronostique<\/p>\n<table border=\"1\" cellspacing=\"0\" cellpadding=\"2\" align=\"center\">\n<tbody>\n<tr>\n<td>Groupe de Risque<\/td>\n<td>Nb de facteurs<\/td>\n<td>% des patients<\/td>\n<td>M\u00e9diane de survie<br \/>\n(mois)<\/td>\n<\/tr>\n<tr>\n<td>Faible<\/td>\n<td>0<\/td>\n<td>47<\/td>\n<td>93<\/td>\n<\/tr>\n<tr>\n<td>Interm\u00e9diaire<\/td>\n<td>1<\/td>\n<td>45<\/td>\n<td>26<\/td>\n<\/tr>\n<tr>\n<td>Elev\u00e9<\/td>\n<td>2<\/td>\n<td>8<\/td>\n<td>13<\/td>\n<\/tr>\n<\/tbody>\n<\/table>\n<p>\u00a0<\/p>\n<p>R\u00e9f\u00e9rence : Dupriez B et al. Blood 1996;88:1013<br \/>\n  <div class=\"associated-posts\">  \n    <div class=\"associated-post\">\n    <h3 class=\"post-title\">\n     <a href=\"http:\/\/www.pjh.fr\/wordpress\/?p=299\" title=\"IPI is not not dead\">IPI is not not dead<\/a>\n    <\/h3>\n      \n        <div class=\"thumb-frame\">\n      <a href=\"http:\/\/www.pjh.fr\/wordpress\/?p=299\" title=\"IPI is not not dead\">\n        <img src=\"http:\/\/www.pjh.fr\/wordpress\/wp-content\/uploads\/2010\/05\/856993-150x150.jpg\"\n             width=\"150\"\n             height=\"150\"\n             alt=\"IPI is not not dead\"\n             title=\"IPI is not not dead\"\n             class=\"thumb post-preview-image alignleft\" \/>\n      <\/a>\n    <\/div>\n        \n    <div class=\"post-excerpt\"><p>Ipi, ipi&#8230; Hourra ! (ok j&rsquo;ai honte du jeu de mot) On est sauv\u00e9, on a eu chaud&#8230; Un score simple \u00e0 calculer qui tient \u00e0 l&rsquo;heure des th\u00e9rapies cibl\u00e9es, notre vieil index pronostic pour les lymphomes B agressifs\u00a0 (IPI) publi\u00e9 en 1993 dans le NEJM tient le coup, c&rsquo;est le JCO qui le dit&#8230; [&hellip;]<\/p>\n<\/div>\n    \n        <div class=\"clear\"><\/div>\n      <\/div>\n    <div class=\"associated-post\">\n    <h3 class=\"post-title\">\n     <a href=\"http:\/\/www.pjh.fr\/wordpress\/?p=618\" title=\"Calculs de score : QxMed\">Calculs de score : QxMed<\/a>\n    <\/h3>\n      \n        <div class=\"thumb-frame\">\n      <a href=\"http:\/\/www.pjh.fr\/wordpress\/?p=618\" title=\"Calculs de score : QxMed\">\n        <img src=\"http:\/\/www.pjh.fr\/wordpress\/wp-content\/uploads\/2010\/07\/logo-150x60.png\"\n             width=\"150\"\n             height=\"60\"\n             alt=\"Calculs de score : QxMed\"\n             title=\"Calculs de score : QxMed\"\n             class=\"thumb post-preview-image alignleft\" \/>\n      <\/a>\n    <\/div>\n        \n    <div class=\"post-excerpt\"><p>Un site tr\u00e8s pratique pour calculer des scores pronostiques : QxMed &#8211; http:\/\/www.qxmd.com\/calculate-online\/hematology Une application Iphone gratuite est \u00e9galement disponible pour transporter ces scores avec vous&#8230; Deep Vein Thrombosis Pre-test Probability Pulmonary Embolism Pre-test Probability Body Surface Area Febrile Neutropenia MASCC Risk Score Epo\/GCSF Response in Myelodysplastic Syndrome Heparin Induced Thrombocytopenia (HIT) Score Multiple Myeloma [&hellip;]<\/p>\n<\/div>\n    \n        <div class=\"clear\"><\/div>\n      <\/div>\n    <div class=\"associated-post\">\n    <h3 class=\"post-title\">\n     <a href=\"http:\/\/www.pjh.fr\/wordpress\/?p=624\" title=\"LMC : calcul des scores de Sokal et Hasford\">LMC : calcul des scores de Sokal et Hasford<\/a>\n    <\/h3>\n      \n        <div class=\"thumb-frame\">\n      <a href=\"http:\/\/www.pjh.fr\/wordpress\/?p=624\" title=\"LMC : calcul des scores de Sokal et Hasford\">\n        <img src=\"http:\/\/www.pjh.fr\/wordpress\/wp-content\/uploads\/2010\/07\/title-150x75.gif\"\n             width=\"150\"\n             height=\"75\"\n             alt=\"LMC : calcul des scores de Sokal et Hasford\"\n             title=\"LMC : calcul des scores de Sokal et Hasford\"\n             class=\"thumb post-preview-image alignleft\" \/>\n      <\/a>\n    <\/div>\n        \n    <div class=\"post-excerpt\"><p>Deux scores peu faciles \u00e0 calculer, sur le site du Leukemia Net http:\/\/www.leukemia-net.org\/content\/leukemias\/cml\/cml_score\/ &nbsp;&nbsp; Envoyer l&rsquo;article en PDF &nbsp;&nbsp;<\/p>\n<\/div>\n    \n        <div class=\"clear\"><\/div>\n      <\/div>\n    <\/div>\n<\/p>\n<div class=\"pdf24Plugin-cp\"> \t<form name=\"pdf24Form3\" method=\"post\" action=\"https:\/\/doc2pdf.pdf24.org\/wordpress.php\" target=\"pdf24PopWin\" onsubmit=\"var pdf24Win = window.open('about:blank', 'pdf24PopWin', 'resizable=yes,scrollbars=yes,width=600,height=250,left='+(screen.width\/2-300)+',top='+(screen.height\/3-125)+''); pdf24Win.focus(); if(typeof pdf24OnCreatePDF === 'function'){void(pdf24OnCreatePDF(this,pdf24Win));}\"> \t\t<input type=\"hidden\" name=\"blogCharset\" value=\"Cw1x07UAAA==\" \/><input type=\"hidden\" name=\"blogPosts\" value=\"MwQA\" \/><input type=\"hidden\" name=\"blogUrl\" value=\"yygpKbDS1y8vL9cryMrQSyvSL88vSikoSi0uBgA=\" \/><input type=\"hidden\" name=\"blogName\" value=\"C0gtKs7PS8xR8MovLQLR+WkKjgoeiam5iSX5OfnpmcUlAA==\" \/><input type=\"hidden\" name=\"blogValueEncoding\" value=\"gzdeflate base64\" \/><input type=\"hidden\" name=\"postId_0\" value=\"M7M0AgA=\" \/><input type=\"hidden\" name=\"postTitle_0\" value=\"8608vDInPy0zqSi\/OFWhoCg3sySzLFXBSqE4Ob8IJJCfl19ckllYmqqgEQwWSklV8MnMyUnVBAA=\" \/><input type=\"hidden\" name=\"postLink_0\" value=\"yygpKbDS1y8vL9cryMrQSyvSL88vSikoSi0u1rcvSExPjc9MsTWzNAIA\" \/><input type=\"hidden\" name=\"postAuthor_0\" value=\"cylSCMhMzgcA\" \/><input type=\"hidden\" name=\"postDateTime_0\" value=\"MzIwNNA1sNQ1slAwNLYysLQyNAAA\" \/><input type=\"hidden\" name=\"postContent_0\" value=\"1VfbbttGEH3PV0xZ1LABS6SsyDfJKuJb7CBO3DjtS1EUK3JErr3krneXltWvyWP1G9GPdXZJXdwqQRwYBiqA1HJ2OJedOUejnuqfsthiqQ0kCJqb2xJhvxeq\/oueFHQTvH82neQyFXLAC4Q1YbvQiiANE9ELadervMUylvHYoqkUXkZRFOZ5G2QJaykJ2lEtqd8JvXHVPy8SvAelZSGN5eS8cm3ZQCAMpE5QHwStAGIUwigW8yI9CKLqWbEk8c9bATDB0+IgiLGwqANnYSCTsfvW7pb0X2tZKnRJfvBJ9kIS+p13Aycd1sewkP9EYgOKWU5Gl+QX00nCWeFtmVLfcewNNIT9F+u55GajVgwrx7X3U8YpoYWNaLF8ubNY77VXvn3uksq9W66XrLSWrHQW663tlVZOBN5NJ0tqi+Xuks2HIYSzcwx9SXzNPn+qiqT6H6aT4XSisYipaeC4VJrjX3AIaKkgTTgUUibQ2tvb7u7u7rcisl2dFEAv4XcQC2bMQUA3GXNmMWko6gIT9AFI5atKQb\/SyNozBSdtWG4F1nvQY5BpHB4EmbVqPwxHo1FTXWfNoQ5H1FlKozHhz+pga28vAP\/mQXB+eQ7cQCGtvxJkSdBfIeyFrI4gzNq1P6i\/HgZuszIfNIaa5fPAni6yhUeep2B0\/HWTI9WIJTVTYcNSCckSE25FrSiMOuFuZ3tvr91odaJ7uprXKg3mxv1nxBObERY70b82MuRpZlftMGFXx\/1Q7SsJPlRcPlHw9aa0CH+jBs9ZihUJCBzaoGqyqj7zQlFRFgf2nwbz9vA+Rq2ouxw1Kb4JXPG1H3e32lEXzmSpNYMfYF3ewPWaJhaRXcYhcycKSQnXWDpOyKXdgPcFoLFgWEmY2wRZAAPajjNWJjODvxZgYqmJRXiuiO6mnyBmIi4FargtOXjicVJRO8uIoNCzks0IdkxxWsbELNMJmk13arRN58EF8Ae8GtNplRoEqYtxrjKZ0+oQWOq6gg\/N50+wTse\/AaocCD6dABYOtm1IWEGvILw7eXNRx0NPMVHpJsR1VC5PEr45eu+jpmXC7SzH39cyYmquun9UnLEowkqwxAIZ0feDWi09PBMhbLd257A78hXxv45Vsfbhl\/sLJOx9aed5qOHbYnwqftgJhUylZ4ftqKmKR5PD9kpu+GLgKwniG7WflyUciDnh3+rp3zQtaOanmApvczQ7yPqQzfKoY2YJgENLq9WFpdrc3udJM5Z5WBmhPm\/IQtAEFmaYMyupHmNiEEpHKcFjckscc07QJlFKUZQuKAfN6SRlAnMH3YQbJQs3iVTxWU3wVlLTdEED1TxEdocx3MnSzEB8jKjgN+QFfMy0zAfSEE9famxY5+BSywEbcMHtGC5LkcuC6TGckJrgJl+td0hDBVyVmqYuhFcaGZziQHPHNFhaLRUWnMHFq6ujIzev3cCVL\/iJkuHro6tT+IAuE4PEc3AxRkHmjKIKOaq7GhcJRYlwhoppUqAZs4zplOvgaUyt7a+fnX\/cqE1flMJyx8LeXM7+p8y19XLOCm8vjqjBqvZZ7kCCz5W8YcJNaWfMDOn9oP8I5Wfit+\/N5Okoz3v3nLfTaaZ8+FjO2+ms4rzHJLOSBr\/fwPMy4zGW93PWo9mHsM7dBLI05my6P1BuYvAUSiMU\/Y+8wZyg+Y6SWCqbqOWNAm1T6jSc1Wy2YcI4F+7603sMYa0YGNWt7nBS3MkxkdxskGKaiILc0phzeXz6QPdJwF4tval\/AA==\" \/> \t\t<a href=\"https:\/\/www.pdf24.org\" target=\"_blank\" title=\"www.pdf24.org\" rel=\"nofollow\"><img src=\"http:\/\/www.pjh.fr\/wordpress\/wp-content\/plugins\/pdf24-post-to-pdf\/img\/pdf_32x32.png\" alt=\"\" border=\"0\" height=\"32\" \/><\/a> \t\t<span class=\"pdf24Plugin-cp-space\">&nbsp;&nbsp;<\/span> \t\t<span class=\"pdf24Plugin-cp-text\">Envoyer l'article en PDF<\/span> \t\t<span class=\"pdf24Plugin-cp-space\">&nbsp;&nbsp;<\/span> \t\t<input class=\"pdf24Plugin-cp-input\" style=\"margin: 0px;\" type=\"text\" name=\"sendEmailTo\" placeholder=\"Entrez l'adresse e-mail\" \/> \t\t<input class=\"pdf24Plugin-cp-submit\" style=\"margin: 0px;\" type=\"submit\" value=\"Envoyer\" \/> \t<\/form> <\/div>","protected":false},"excerpt":{"rendered":"<p>Facteurs de risque : H\u00e9moglobine &lt; 10 g\/dl Leucocytes &lt; 4000\/mm3 ou &gt; 30000\/mm3 Index pronostique Groupe de Risque Nb de facteurs % des patients M\u00e9diane de survie (mois) Faible 0 47 93 Interm\u00e9diaire 1 45 26 Elev\u00e9 2 8 13 \u00a0 R\u00e9f\u00e9rence : Dupriez B et al. Blood 1996;88:1013 IPI is not not dead [&hellip;]<\/p>\n","protected":false},"author":1,"featured_media":0,"parent":690,"menu_order":0,"comment_status":"open","ping_status":"open","template":"","meta":[],"_links":{"self":[{"href":"http:\/\/www.pjh.fr\/wordpress\/index.php?rest_route=\/wp\/v2\/pages\/692"}],"collection":[{"href":"http:\/\/www.pjh.fr\/wordpress\/index.php?rest_route=\/wp\/v2\/pages"}],"about":[{"href":"http:\/\/www.pjh.fr\/wordpress\/index.php?rest_route=\/wp\/v2\/types\/page"}],"author":[{"embeddable":true,"href":"http:\/\/www.pjh.fr\/wordpress\/index.php?rest_route=\/wp\/v2\/users\/1"}],"replies":[{"embeddable":true,"href":"http:\/\/www.pjh.fr\/wordpress\/index.php?rest_route=%2Fwp%2Fv2%2Fcomments&post=692"}],"version-history":[{"count":2,"href":"http:\/\/www.pjh.fr\/wordpress\/index.php?rest_route=\/wp\/v2\/pages\/692\/revisions"}],"predecessor-version":[{"id":694,"href":"http:\/\/www.pjh.fr\/wordpress\/index.php?rest_route=\/wp\/v2\/pages\/692\/revisions\/694"}],"up":[{"embeddable":true,"href":"http:\/\/www.pjh.fr\/wordpress\/index.php?rest_route=\/wp\/v2\/pages\/690"}],"wp:attachment":[{"href":"http:\/\/www.pjh.fr\/wordpress\/index.php?rest_route=%2Fwp%2Fv2%2Fmedia&parent=692"}],"curies":[{"name":"wp","href":"https:\/\/api.w.org\/{rel}","templated":true}]}}