{"id":660,"date":"2010-07-30T13:30:10","date_gmt":"2010-07-30T11:30:10","guid":{"rendered":"http:\/\/www.pjh.fr\/wordpress\/?page_id=660"},"modified":"2010-07-30T13:33:26","modified_gmt":"2010-07-30T11:33:26","slug":"equivalences-entre-corticoides","status":"publish","type":"page","link":"http:\/\/www.pjh.fr\/wordpress\/?page_id=660","title":{"rendered":"Equivalences entre cortico\u00efdes"},"content":{"rendered":"<table style=\"width: 95%;\" border=\"1\" cellspacing=\"0\" cellpadding=\"5\" align=\"center\">\n<tr align=\"center\" valign=\"middle\">\n<td width=\"25.0%\"><\/td>\n<td width=\"18.75%\">Activit\u00e9 anti-inflammatoire<\/td>\n<td width=\"18.75%\">Activit\u00e9 min\u00e9ralo-cortico\u00efde<\/td>\n<td width=\"18.75%\">Equivalence de doses<\/td>\n<td width=\"18.75%\">Demi-vie biologique (heures)<\/td>\n<\/tr>\n<tr align=\"center\" valign=\"top\">\n<td width=\"25.0%\" align=\"left\">Hydrocortisone<\/td>\n<td width=\"18.75%\">1<\/td>\n<td width=\"18.75%\">1<\/td>\n<td width=\"18.75%\">20 mg<\/td>\n<td width=\"18.75%\">8-12<\/td>\n<\/tr>\n<tr align=\"center\" valign=\"top\">\n<td width=\"25.0%\" align=\"left\">Cortisone<\/td>\n<td width=\"18.75%\">0.8<\/td>\n<td width=\"18.75%\">0.8<\/td>\n<td width=\"18.75%\">25 mg<\/td>\n<td width=\"18.75%\">8-12<\/td>\n<\/tr>\n<tr align=\"center\" valign=\"top\">\n<td width=\"25.0%\" align=\"left\">Prednisolone*<\/td>\n<td width=\"18.75%\">4<\/td>\n<td width=\"18.75%\">0.8<\/td>\n<td width=\"18.75%\">5 mg<\/td>\n<td width=\"18.75%\">12-36<\/td>\n<\/tr>\n<tr align=\"center\" valign=\"top\">\n<td width=\"25.0%\" align=\"left\">M\u00e9thylprednisolone<\/td>\n<td width=\"18.75%\">5<\/td>\n<td width=\"18.75%\">0.5<\/td>\n<td width=\"18.75%\">4 mg<\/td>\n<td width=\"18.75%\">12-36<\/td>\n<\/tr>\n<tr align=\"center\" valign=\"top\">\n<td width=\"25.0%\" align=\"left\">Triamcinolone<\/td>\n<td width=\"18.75%\">5<\/td>\n<td width=\"18.75%\">0<\/td>\n<td width=\"18.75%\">4 mg<\/td>\n<td width=\"18.75%\">12-36<\/td>\n<\/tr>\n<tr align=\"center\" valign=\"top\">\n<td width=\"25.0%\" align=\"left\">B\u00e9tam\u00e9thasone<\/td>\n<td width=\"18.75%\">25<\/td>\n<td width=\"18.75%\">0<\/td>\n<td width=\"18.75%\">0.75 mg<\/td>\n<td width=\"18.75%\">36-54<\/td>\n<\/tr>\n<tr align=\"center\" valign=\"top\">\n<td width=\"25.0%\" align=\"left\">Dexam\u00e9thasone<\/td>\n<td width=\"18.75%\">25<\/td>\n<td width=\"18.75%\">0<\/td>\n<td width=\"18.75%\">0.75 mg<\/td>\n<td width=\"18.75%\">36-54<\/td>\n<\/tr>\n<tr align=\"center\" valign=\"top\">\n<td width=\"25.0%\" align=\"left\">Cortivazol<\/td>\n<td width=\"18.75%\">60<\/td>\n<td width=\"18.75%\">0<\/td>\n<td width=\"18.75%\">0.3 mg<\/td>\n<td width=\"18.75%\">&gt; 60<\/td>\n<\/tr>\n<\/table>\n\n<div class=\"pdf24Plugin-cp\"> \t<form name=\"pdf24Form0\" method=\"post\" action=\"https:\/\/doc2pdf.pdf24.org\/wordpress.php\" target=\"pdf24PopWin\" onsubmit=\"var pdf24Win = window.open('about:blank', 'pdf24PopWin', 'resizable=yes,scrollbars=yes,width=600,height=250,left='+(screen.width\/2-300)+',top='+(screen.height\/3-125)+''); pdf24Win.focus(); if(typeof pdf24OnCreatePDF === 'function'){void(pdf24OnCreatePDF(this,pdf24Win));}\"> \t\t<input type=\"hidden\" name=\"blogCharset\" value=\"Cw1x07UAAA==\" \/><input type=\"hidden\" name=\"blogPosts\" value=\"MwQA\" \/><input type=\"hidden\" name=\"blogUrl\" value=\"yygpKbDS1y8vL9cryMrQSyvSL88vSikoSi0uBgA=\" \/><input type=\"hidden\" name=\"blogName\" value=\"C0gtKs7PS8xR8MovLQLR+WkKjgoeiam5iSX5OfnpmcUlAA==\" \/><input type=\"hidden\" name=\"blogValueEncoding\" value=\"gzdeflate base64\" \/><input type=\"hidden\" name=\"postId_0\" value=\"MzMzAAA=\" \/><input type=\"hidden\" name=\"postTitle_0\" value=\"cy0szSxLzEnNS04tVkjNKylKVUjOLyrJTM4\/vD4ltRgA\" \/><input type=\"hidden\" name=\"postLink_0\" value=\"yygpKbDS1y8vL9cryMrQSyvSL88vSikoSi0u1rcvSExPjc9MsTUzMwAA\" \/><input type=\"hidden\" name=\"postAuthor_0\" value=\"cylSCMhMzgcA\" \/><input type=\"hidden\" name=\"postDateTime_0\" value=\"MzIwNNA1MNc1NlAwNLYyMLcyNAAA\" \/><input type=\"hidden\" name=\"postContent_0\" value=\"3ZXhSsMwEMe\/7ylCYKJCt7Zb53RrQZ3gF8EPvkDWnN1BmnRpVp1vtE8+xF7M2k1RMVXKGCIEwuV\/l7vfhSRjw6YCSG6WAkL6gNzMzshp0B5RMlWagw6pR0kMQuQZi1EmIXU3dsY4r+yAEiYwkSGNQRrQNGqNjf6yRoqtnSLnAiofTqp8IfWDjtum0bhr+Kd1b9g5CUrhPDZYoFmvCJMGHZT3gqUpMwo1\/CIoRbleaSaUEyttMFbrZ26Pu5ovsCwWZAyEl0PlkFudJ5CiUyCQKSqhEpwvgBzOYKEhP9oGdY2ubYhR2XfdeHMXcG9odL3kWlXV50raa\/caKL5L0sSqDh3P3yXI5Y8MbmfYSPODfXLcauCyBBElyrE1a78RSS2I5zu9wS5JbtYrM1uK7AOQvbIaHrvW3yvPnUaWli9VY5I\/wnFRngtLXw+H1d4XvwmKW051NL2BE\/R3STOBx\/8DUz1iBXtSwppz4DYC6dVxHCRmRN433pB0q\/87arVeAA==\" \/> \t\t<a href=\"https:\/\/www.pdf24.org\" target=\"_blank\" title=\"www.pdf24.org\" rel=\"nofollow\"><img src=\"http:\/\/www.pjh.fr\/wordpress\/wp-content\/plugins\/pdf24-post-to-pdf\/img\/pdf_32x32.png\" alt=\"\" border=\"0\" height=\"32\" \/><\/a> \t\t<span class=\"pdf24Plugin-cp-space\">&nbsp;&nbsp;<\/span> \t\t<span class=\"pdf24Plugin-cp-text\">Envoyer l'article en PDF<\/span> \t\t<span class=\"pdf24Plugin-cp-space\">&nbsp;&nbsp;<\/span> \t\t<input class=\"pdf24Plugin-cp-input\" style=\"margin: 0px;\" type=\"text\" name=\"sendEmailTo\" placeholder=\"Entrez l'adresse e-mail\" \/> \t\t<input class=\"pdf24Plugin-cp-submit\" style=\"margin: 0px;\" type=\"submit\" value=\"Envoyer\" \/> \t<\/form> <\/div>","protected":false},"excerpt":{"rendered":"<p>Activit\u00e9 anti-inflammatoire Activit\u00e9 min\u00e9ralo-cortico\u00efde Equivalence de doses Demi-vie biologique (heures) Hydrocortisone 1 1 20 mg 8-12 Cortisone 0.8 0.8 25 mg 8-12 Prednisolone* 4 0.8 5 mg 12-36 M\u00e9thylprednisolone 5 0.5 4 mg 12-36 Triamcinolone 5 0 4 mg 12-36 B\u00e9tam\u00e9thasone 25 0 0.75 mg 36-54 Dexam\u00e9thasone 25 0 0.75 mg 36-54 Cortivazol 60 0 [&hellip;]<\/p>\n","protected":false},"author":1,"featured_media":0,"parent":0,"menu_order":17,"comment_status":"open","ping_status":"open","template":"","meta":[],"_links":{"self":[{"href":"http:\/\/www.pjh.fr\/wordpress\/index.php?rest_route=\/wp\/v2\/pages\/660"}],"collection":[{"href":"http:\/\/www.pjh.fr\/wordpress\/index.php?rest_route=\/wp\/v2\/pages"}],"about":[{"href":"http:\/\/www.pjh.fr\/wordpress\/index.php?rest_route=\/wp\/v2\/types\/page"}],"author":[{"embeddable":true,"href":"http:\/\/www.pjh.fr\/wordpress\/index.php?rest_route=\/wp\/v2\/users\/1"}],"replies":[{"embeddable":true,"href":"http:\/\/www.pjh.fr\/wordpress\/index.php?rest_route=%2Fwp%2Fv2%2Fcomments&post=660"}],"version-history":[{"count":3,"href":"http:\/\/www.pjh.fr\/wordpress\/index.php?rest_route=\/wp\/v2\/pages\/660\/revisions"}],"predecessor-version":[{"id":664,"href":"http:\/\/www.pjh.fr\/wordpress\/index.php?rest_route=\/wp\/v2\/pages\/660\/revisions\/664"}],"wp:attachment":[{"href":"http:\/\/www.pjh.fr\/wordpress\/index.php?rest_route=%2Fwp%2Fv2%2Fmedia&parent=660"}],"curies":[{"name":"wp","href":"https:\/\/api.w.org\/{rel}","templated":true}]}}