{"id":638,"date":"2010-07-26T10:50:43","date_gmt":"2010-07-26T08:50:43","guid":{"rendered":"http:\/\/www.pjh.fr\/wordpress\/?page_id=638"},"modified":"2010-07-26T10:50:43","modified_gmt":"2010-07-26T08:50:43","slug":"etiologies-des-hypogammaglobulinemies","status":"publish","type":"page","link":"http:\/\/www.pjh.fr\/wordpress\/?page_id=638","title":{"rendered":"Etiologies des hypogammaglobulin\u00e9mies"},"content":{"rendered":"<ol>\n<li><strong>Traitement induites<\/strong>\n<ol>\n<li>Anti-palud\u00e9ens<\/li>\n<li>Captopril<\/li>\n<li>Carbamazepine<\/li>\n<li>Cortico\u00efdes<\/li>\n<li>Fenclofenac<\/li>\n<li>Sels d&rsquo;or<\/li>\n<li>Penicillamine<\/li>\n<li>Ph\u00e9nyto\u00efne<\/li>\n<li>Sulfasalazine<\/li>\n<\/ol>\n<\/li>\n<li><strong>Maladies g\u00e9n\u00e9tiques<\/strong>\n<ol>\n<li>Ataxie T\u00e9langectasie<\/li>\n<li>Formes autosomiques de DICS (d\u00e9ficits immunitaires combin\u00e9s s\u00e9v\u00e8res)<\/li>\n<li>D\u00e9ficits immunitaires avec hyper IgM<\/li>\n<li>D\u00e9ficit en transcobalamine II et hypogammaglobulin\u00e9mie<\/li>\n<li>Agammaglobulin\u00e9mie li\u00e9e \u00e0 l&rsquo;X<\/li>\n<li>Syndrome lymphoprolif\u00e9ratif li\u00e9 \u00e0 l&rsquo;X (associ\u00e9 \u00e0 EBV) (ou Purtilo)<\/li>\n<li>DICS li\u00e9 \u00e0 l&rsquo;X<\/li>\n<li>Certains d\u00e9sordres m\u00e9taboliques<\/li>\n<\/ol>\n<\/li>\n<li><strong>Anomalies chromosomiques<\/strong>\n<ol>\n<li>Syndrome 18q-<\/li>\n<li>Monosomie 22<\/li>\n<li>Trisomie 8<\/li>\n<li>Trisomie 21<\/li>\n<\/ol>\n<\/li>\n<li><strong>Pathologies infectieuses<\/strong>\n<ol>\n<li>VIH<\/li>\n<li>Rub\u00e9ole cong\u00e9nitale<\/li>\n<li>Infection cong\u00e9nitale \u00e0 CMV<\/li>\n<li>Infection cong\u00e9nitale \u00e0 Toxoplasma gondii<\/li>\n<li>EBV<\/li>\n<\/ol>\n<\/li>\n<li><strong>Pathologies malignes<\/strong>\n<ol>\n<li>LLC<\/li>\n<li>Thymome avec immunod\u00e9ficience<\/li>\n<li>Lymphomes non hodgkiniens<\/li>\n<li>Syndromes lymphoprolif\u00e9ratifs B<\/li>\n<\/ol>\n<\/li>\n<li><strong>Maladies syst\u00e9miques<\/strong>\n<ol>\n<li>Immunod\u00e9ficience par catabolisme des immunoglobulines<\/li>\n<li>Immunod\u00e9ficience par perte excessive d&rsquo;immunoglobulines (n\u00e9phropathie, br\u00fblures s\u00e9v\u00e8res, lymphangiectasie, diarrh\u00e9es s\u00e9v\u00e8res)<\/li>\n<\/ol>\n<\/li>\n<\/ol>\n\n<div class=\"pdf24Plugin-cp\"> \t<form name=\"pdf24Form0\" method=\"post\" action=\"https:\/\/doc2pdf.pdf24.org\/wordpress.php\" target=\"pdf24PopWin\" onsubmit=\"var pdf24Win = window.open('about:blank', 'pdf24PopWin', 'resizable=yes,scrollbars=yes,width=600,height=250,left='+(screen.width\/2-300)+',top='+(screen.height\/3-125)+''); pdf24Win.focus(); if(typeof pdf24OnCreatePDF === 'function'){void(pdf24OnCreatePDF(this,pdf24Win));}\"> \t\t<input type=\"hidden\" name=\"blogCharset\" value=\"Cw1x07UAAA==\" \/><input type=\"hidden\" name=\"blogPosts\" value=\"MwQA\" \/><input type=\"hidden\" name=\"blogUrl\" value=\"yygpKbDS1y8vL9cryMrQSyvSL88vSikoSi0uBgA=\" \/><input type=\"hidden\" name=\"blogName\" value=\"C0gtKs7PS8xR8MovLQLR+WkKjgoeiam5iSX5OfnpmcUlAA==\" \/><input type=\"hidden\" name=\"blogValueEncoding\" value=\"gzdeflate base64\" \/><input type=\"hidden\" name=\"postId_0\" value=\"MzO2AAA=\" \/><input type=\"hidden\" name=\"postTitle_0\" value=\"cy3JzM\/JT89MLVZIAeKMyoL89MTc3MT0nPyk0pzMvMMrc4FyAA==\" \/><input type=\"hidden\" name=\"postLink_0\" value=\"yygpKbDS1y8vL9cryMrQSyvSL88vSikoSi0u1rcvSExPjc9MsTUztgAA\" \/><input type=\"hidden\" name=\"postAuthor_0\" value=\"cylSCMhMzgcA\" \/><input type=\"hidden\" name=\"postDateTime_0\" value=\"MzIwNNA1MNc1MlMwNLAyMLcyMQYA\" \/><input type=\"hidden\" name=\"postContent_0\" value=\"jVTNTttAEL7zFHOqgkSF4ITUCAlCUSMRKSoR6nVsT+xRd3fM7hoRnqbH5tQH6NEv1rHzYwdcxG01fzvzfd\/MWMzl0djw5ThELy6\/XHjkSJZcBHZZpe8wPt36jsa76CsX+XOJpsrqNTmNUFvrmGAZpfRs+iafoMUXKtlRzyw+cir1n4x6+bfkUiNLcph2xnsyAbJPPjxW8kV855iT45SNQXtQel7Ua7eKWrtvva\/MEgMafOmCT9uB9iE7EGYalTEFyLVQvY78WA3DEPGZCRb12qDLKY0YuPfjrXirRbCKEsS2RSAjuJlO7mGkyC21+RiAra0cR2Sv\/lRswvpngFCvn+rfajvuKt4MJ+ETpVCsSvIwzWdvw4EcRI8upJLgBi2YToFikyQ5Wou5kaQyzc+2P8LVWycYVtKh\/gVmS8mPHsgrl3mxGrSyZaFKEMPLeu0x8rJNPMiDEYYg6db89frhGEZSwbxSaRjpz91A9ia9JybyCoVTeBU58VkDilXiMNH\/N+S9x\/eVE4umITwttPs9WwOU7wc8u3j83FWaiWuzCM7PO+vC88Z4MWA7P3u\/qTnGQozkTVvslqoupioMNvUw\/dblf6+Sei2GVEqu0a+KxPQYnW5KiTvwN7hOZg8fCVvIs5QGg0XIxWXMXZIy+PGZGsRzNzjP3d2kB1ixsg3grchb2ct2d\/RW9Aa7axXXLJzTrgvJ8p\/s+OA67cgLQ\/IMcP3BqxBWITar8B+JTF\/3CCV6SHGjxqCjZLRdYNltVv8GDufrckcCek4pBH6i\/T18XQdGuqalyrhUrJlOIPH1X1M1G7G\/KCeb+fVm8fZonUDG6L0eThq4PH1A2vfRPw==\" \/> \t\t<a href=\"https:\/\/www.pdf24.org\" target=\"_blank\" title=\"www.pdf24.org\" rel=\"nofollow\"><img src=\"http:\/\/www.pjh.fr\/wordpress\/wp-content\/plugins\/pdf24-post-to-pdf\/img\/pdf_32x32.png\" alt=\"\" border=\"0\" height=\"32\" \/><\/a> \t\t<span class=\"pdf24Plugin-cp-space\">&nbsp;&nbsp;<\/span> \t\t<span class=\"pdf24Plugin-cp-text\">Envoyer l'article en PDF<\/span> \t\t<span class=\"pdf24Plugin-cp-space\">&nbsp;&nbsp;<\/span> \t\t<input class=\"pdf24Plugin-cp-input\" style=\"margin: 0px;\" type=\"text\" name=\"sendEmailTo\" placeholder=\"Entrez l'adresse e-mail\" \/> \t\t<input class=\"pdf24Plugin-cp-submit\" style=\"margin: 0px;\" type=\"submit\" value=\"Envoyer\" \/> \t<\/form> <\/div>","protected":false},"excerpt":{"rendered":"<p>Traitement induites Anti-palud\u00e9ens Captopril Carbamazepine Cortico\u00efdes Fenclofenac Sels d&rsquo;or Penicillamine Ph\u00e9nyto\u00efne Sulfasalazine Maladies g\u00e9n\u00e9tiques Ataxie T\u00e9langectasie Formes autosomiques de DICS (d\u00e9ficits immunitaires combin\u00e9s s\u00e9v\u00e8res) D\u00e9ficits immunitaires avec hyper IgM D\u00e9ficit en transcobalamine II et hypogammaglobulin\u00e9mie Agammaglobulin\u00e9mie li\u00e9e \u00e0 l&rsquo;X Syndrome lymphoprolif\u00e9ratif li\u00e9 \u00e0 l&rsquo;X (associ\u00e9 \u00e0 EBV) (ou Purtilo) DICS li\u00e9 \u00e0 l&rsquo;X Certains d\u00e9sordres [&hellip;]<\/p>\n","protected":false},"author":1,"featured_media":0,"parent":636,"menu_order":1,"comment_status":"open","ping_status":"open","template":"","meta":[],"_links":{"self":[{"href":"http:\/\/www.pjh.fr\/wordpress\/index.php?rest_route=\/wp\/v2\/pages\/638"}],"collection":[{"href":"http:\/\/www.pjh.fr\/wordpress\/index.php?rest_route=\/wp\/v2\/pages"}],"about":[{"href":"http:\/\/www.pjh.fr\/wordpress\/index.php?rest_route=\/wp\/v2\/types\/page"}],"author":[{"embeddable":true,"href":"http:\/\/www.pjh.fr\/wordpress\/index.php?rest_route=\/wp\/v2\/users\/1"}],"replies":[{"embeddable":true,"href":"http:\/\/www.pjh.fr\/wordpress\/index.php?rest_route=%2Fwp%2Fv2%2Fcomments&post=638"}],"version-history":[{"count":1,"href":"http:\/\/www.pjh.fr\/wordpress\/index.php?rest_route=\/wp\/v2\/pages\/638\/revisions"}],"predecessor-version":[{"id":639,"href":"http:\/\/www.pjh.fr\/wordpress\/index.php?rest_route=\/wp\/v2\/pages\/638\/revisions\/639"}],"up":[{"embeddable":true,"href":"http:\/\/www.pjh.fr\/wordpress\/index.php?rest_route=\/wp\/v2\/pages\/636"}],"wp:attachment":[{"href":"http:\/\/www.pjh.fr\/wordpress\/index.php?rest_route=%2Fwp%2Fv2%2Fmedia&parent=638"}],"curies":[{"name":"wp","href":"https:\/\/api.w.org\/{rel}","templated":true}]}}