{"id":376,"date":"2010-05-23T22:04:54","date_gmt":"2010-05-23T20:04:54","guid":{"rendered":"http:\/\/www.pjh.fr\/wordpress\/?page_id=376"},"modified":"2010-05-23T22:07:16","modified_gmt":"2010-05-23T20:07:16","slug":"pti-ou-tip-thrombopenie-immune-primitive","status":"publish","type":"page","link":"http:\/\/www.pjh.fr\/wordpress\/?page_id=376","title":{"rendered":"PTI"},"content":{"rendered":"<p>Sur les PTI (purpura thrombop\u00e9nique idiopathique) renomm\u00e9s plus r\u00e9cemment Thrombop\u00e9nies immunes primitives (TIP)&#8230; On gardera l&rsquo;acronyme PTI employ\u00e9 de mani\u00e8re plus courante&#8230;<br \/>\n<\/p>\n<div class=\"pdf24Plugin-cp\"> \t<form name=\"pdf24Form0\" method=\"post\" action=\"https:\/\/doc2pdf.pdf24.org\/wordpress.php\" target=\"pdf24PopWin\" onsubmit=\"var pdf24Win = window.open('about:blank', 'pdf24PopWin', 'resizable=yes,scrollbars=yes,width=600,height=250,left='+(screen.width\/2-300)+',top='+(screen.height\/3-125)+''); pdf24Win.focus(); if(typeof pdf24OnCreatePDF === 'function'){void(pdf24OnCreatePDF(this,pdf24Win));}\"> \t\t<input type=\"hidden\" name=\"blogCharset\" value=\"Cw1x07UAAA==\" \/><input type=\"hidden\" name=\"blogPosts\" value=\"MwQA\" \/><input type=\"hidden\" name=\"blogUrl\" value=\"yygpKbDS1y8vL9cryMrQSyvSL88vSikoSi0uBgA=\" \/><input type=\"hidden\" name=\"blogName\" value=\"C0gtKs7PS8xR8MovLQLR+WkKjgoeiam5iSX5OfnpmcUlAA==\" \/><input type=\"hidden\" name=\"blogValueEncoding\" value=\"gzdeflate base64\" \/><input type=\"hidden\" name=\"postId_0\" value=\"MzY3AwA=\" \/><input type=\"hidden\" name=\"postTitle_0\" value=\"CwjxBAA=\" \/><input type=\"hidden\" name=\"postLink_0\" value=\"yygpKbDS1y8vL9cryMrQSyvSL88vSikoSi0u1rcvSExPjc9MsTU2NwMA\" \/><input type=\"hidden\" name=\"postAuthor_0\" value=\"cylSCMhMzgcA\" \/><input type=\"hidden\" name=\"postDateTime_0\" value=\"MzIwNNA1MNU1MlYwMrIyMLUyNQEA\" \/><input type=\"hidden\" name=\"postContent_0\" value=\"TU5LCoMwFNx7igcF0ZWl3RQU964q1AtEfdSAL4kvScEbNefIxZp+FoWBmVnMpzHtzTOsaKEfOiiM5wQBbmFNozYxKLl5BDlLbYRb3qYERqWJYrBgVm+BY5iQCJWD4S+XOiWRV4kNS5JOPpIshq4v88PldD7WcFVwFzxjWlxztpvXtZhYq53w8wfJrHqPAWYEEkrGJ+N3c9LppnL4a2pGhqrNmsq02Qs=\" \/> \t\t<a href=\"https:\/\/www.pdf24.org\" target=\"_blank\" title=\"www.pdf24.org\" rel=\"nofollow\"><img src=\"http:\/\/www.pjh.fr\/wordpress\/wp-content\/plugins\/pdf24-post-to-pdf\/img\/pdf_32x32.png\" alt=\"\" border=\"0\" height=\"32\" \/><\/a> \t\t<span class=\"pdf24Plugin-cp-space\">&nbsp;&nbsp;<\/span> \t\t<span class=\"pdf24Plugin-cp-text\">Envoyer l'article en PDF<\/span> \t\t<span class=\"pdf24Plugin-cp-space\">&nbsp;&nbsp;<\/span> \t\t<input class=\"pdf24Plugin-cp-input\" style=\"margin: 0px;\" type=\"text\" name=\"sendEmailTo\" placeholder=\"Entrez l'adresse e-mail\" \/> \t\t<input class=\"pdf24Plugin-cp-submit\" style=\"margin: 0px;\" type=\"submit\" value=\"Envoyer\" \/> \t<\/form> <\/div>","protected":false},"excerpt":{"rendered":"<p>Sur les PTI (purpura thrombop\u00e9nique idiopathique) renomm\u00e9s plus r\u00e9cemment Thrombop\u00e9nies immunes primitives (TIP)&#8230; On gardera l&rsquo;acronyme PTI employ\u00e9 de mani\u00e8re plus courante&#8230; &nbsp;&nbsp; Envoyer l&rsquo;article en PDF &nbsp;&nbsp;<\/p>\n","protected":false},"author":1,"featured_media":0,"parent":0,"menu_order":15,"comment_status":"open","ping_status":"open","template":"","meta":[],"_links":{"self":[{"href":"http:\/\/www.pjh.fr\/wordpress\/index.php?rest_route=\/wp\/v2\/pages\/376"}],"collection":[{"href":"http:\/\/www.pjh.fr\/wordpress\/index.php?rest_route=\/wp\/v2\/pages"}],"about":[{"href":"http:\/\/www.pjh.fr\/wordpress\/index.php?rest_route=\/wp\/v2\/types\/page"}],"author":[{"embeddable":true,"href":"http:\/\/www.pjh.fr\/wordpress\/index.php?rest_route=\/wp\/v2\/users\/1"}],"replies":[{"embeddable":true,"href":"http:\/\/www.pjh.fr\/wordpress\/index.php?rest_route=%2Fwp%2Fv2%2Fcomments&post=376"}],"version-history":[{"count":5,"href":"http:\/\/www.pjh.fr\/wordpress\/index.php?rest_route=\/wp\/v2\/pages\/376\/revisions"}],"predecessor-version":[{"id":381,"href":"http:\/\/www.pjh.fr\/wordpress\/index.php?rest_route=\/wp\/v2\/pages\/376\/revisions\/381"}],"wp:attachment":[{"href":"http:\/\/www.pjh.fr\/wordpress\/index.php?rest_route=%2Fwp%2Fv2%2Fmedia&parent=376"}],"curies":[{"name":"wp","href":"https:\/\/api.w.org\/{rel}","templated":true}]}}