{"id":24,"date":"2010-04-22T09:37:49","date_gmt":"2010-04-22T07:37:49","guid":{"rendered":"http:\/\/www.pjh.fr\/wordpress\/?page_id=24"},"modified":"2010-06-03T08:55:54","modified_gmt":"2010-06-03T06:55:54","slug":"waldenstrom-et-lpl","status":"publish","type":"page","link":"http:\/\/www.pjh.fr\/wordpress\/?page_id=24","title":{"rendered":"Waldenstr\u00f6m et LPL"},"content":{"rendered":"<div id=\"attachment_27\" style=\"width: 160px\" class=\"wp-caption alignleft\"><a href=\"http:\/\/www.pjh.fr\/wordpress\/wp-content\/uploads\/2010\/04\/jan_waldenstroem.jpg\" rel=\"lightbox[24]\"><img aria-describedby=\"caption-attachment-27\" loading=\"lazy\" class=\"size-thumbnail wp-image-27\" title=\"jan_waldenstroem\" src=\"http:\/\/www.pjh.fr\/wordpress\/wp-content\/uploads\/2010\/04\/jan_waldenstroem-150x150.jpg\" alt=\"\" width=\"150\" height=\"150\" srcset=\"http:\/\/www.pjh.fr\/wordpress\/wp-content\/uploads\/2010\/04\/jan_waldenstroem-150x150.jpg 150w, http:\/\/www.pjh.fr\/wordpress\/wp-content\/uploads\/2010\/04\/jan_waldenstroem-36x36.jpg 36w, http:\/\/www.pjh.fr\/wordpress\/wp-content\/uploads\/2010\/04\/jan_waldenstroem-110x110.jpg 110w\" sizes=\"(max-width: 150px) 100vw, 150px\" \/><\/a><p id=\"caption-attachment-27\" class=\"wp-caption-text\">Jan G. Waldenstr\u00f6m (1906\u20131996) <\/p><\/div>\n<p>Cette section est d\u00e9di\u00e9e \u00e0 la maladie de Waldenstr\u00f6m et aux lymphomes lymphoplasmocytaires (LPL).<\/p>\n<p>Syndrome lymphoprolif\u00e9ratifs B r\u00e9sultant de l&rsquo;accumulation, principalement au niveau de la moelle  osseuse, de cellules clonales <strong>lymphoplasmocytaires. <\/strong>Ces cellules s\u00e9cr\u00e8tent dans la majorit\u00e9 des cas (&gt; 95%) une immunoglobuline monoclonale (Ig) de type Ig M, l&rsquo;association prolif\u00e9ration lymphoplasomocytaire et pic IgM d\u00e9finissant la <strong>maladie de Waldenstr\u00f6m<\/strong> qui repr\u00e9sente donc 95% des LPL\u00a0 (moins de 5 % s\u00e9cr\u00e8tent  une autre Ig ou sont non s\u00e9cr\u00e9tant).<\/p>\n<p>Documents disponibles :<\/p>\n<ul>\n<li><a title=\"Diagnostic et  pr\u00e9sentation\" href=\"..\/?page_id=32\">Diagnostic et pr\u00e9sentation<\/a><\/li>\n<li><a title=\"Explorations \u00e0  r\u00e9aliser\" href=\"..\/?page_id=83\">Explorations \u00e0 r\u00e9aliser<\/a><\/li>\n<li><a title=\"IPSSWM 2009\" href=\"..\/?page_id=114\">IPSSWM  2009<\/a><\/li>\n<li><a title=\"Traitements\" href=\"..\/?page_id=129\">Traitements<\/a><\/li>\n<\/ul>\n<p><em>Quelques r\u00e9f\u00e9rences bibliographiques importantes<\/em> : <a href=\"http:\/\/www.connotea.org\/user\/PJH\/tag\/Waldenstrom\" target=\"_blank\">http:\/\/www.connotea.org\/user\/PJH\/tag\/Waldenstrom<\/a><\/p>\n<p style=\"text-align: center;\">\n\n<div class=\"pdf24Plugin-cp\"> \t<form name=\"pdf24Form0\" method=\"post\" action=\"https:\/\/doc2pdf.pdf24.org\/wordpress.php\" target=\"pdf24PopWin\" onsubmit=\"var pdf24Win = window.open('about:blank', 'pdf24PopWin', 'resizable=yes,scrollbars=yes,width=600,height=250,left='+(screen.width\/2-300)+',top='+(screen.height\/3-125)+''); pdf24Win.focus(); if(typeof pdf24OnCreatePDF === 'function'){void(pdf24OnCreatePDF(this,pdf24Win));}\"> \t\t<input type=\"hidden\" name=\"blogCharset\" value=\"Cw1x07UAAA==\" \/><input type=\"hidden\" name=\"blogPosts\" value=\"MwQA\" \/><input type=\"hidden\" name=\"blogUrl\" value=\"yygpKbDS1y8vL9cryMrQSyvSL88vSikoSi0uBgA=\" \/><input type=\"hidden\" name=\"blogName\" value=\"C0gtKs7PS8xR8MovLQLR+WkKjgoeiam5iSX5OfnpmcUlAA==\" \/><input type=\"hidden\" name=\"blogValueEncoding\" value=\"gzdeflate base64\" \/><input type=\"hidden\" name=\"postId_0\" value=\"MzIBAA==\" \/><input type=\"hidden\" name=\"postTitle_0\" value=\"C0\/MSUnNKy4pOrwtVyG1RMEnwAcA\" \/><input type=\"hidden\" name=\"postLink_0\" value=\"yygpKbDS1y8vL9cryMrQSyvSL88vSikoSi0u1rcvSExPjc9MsTUyAQA=\" \/><input type=\"hidden\" name=\"postAuthor_0\" value=\"cylSCMhMzgcA\" \/><input type=\"hidden\" name=\"postDateTime_0\" value=\"MzIwNNA1MNE1MlIwsLQyMLEysQQA\" \/><input type=\"hidden\" name=\"postContent_0\" value=\"tVVdbuM2EH7PKQYEdmEDsSXZibt2bBXobtFmsQFSpMA+LIqAlsYSU4pkSCq296l36AX2sb5AD1DfpCfpUP7JT52HBbIPtkRqfr7vmxlynIs7EPmEce95Vlao\/HXvOwbOLyVO2FzkvhxBMojNgkEmuXO0aToZN15oBVyKQkmceZaOOZQWZxNWem9GUTSfz7vmpuzObDTXNjcWnYuCq1aeskS1kZrnLurFSRzFJ9ENV9dzLnNUzluNVffGFAwsygmjJKWf6sWn3slvlEhUBXAreCdHl1kxxXy6nLAtpM49kU4gEpIIVVAQ\/nm5p+DEZ+z4sq6migsJBEtUvMDGwwsfqD\/FQ5rY7MXYdZLTeEG\/DUsu\/YQxaNSeMNpmUGIgvV1QZof+myQHes6P4aUi9weL\/qCJ2x+8YNgkIcDJFnASz0kSqiAVslXxRWfXpafUpW1I4viOUjcrBlE6jng6Nk2TP9Mj\/+vrjscFtfR7ruCnLnzcIVn\/XUErGcaDf\/\/4MxkOB20YR4bi0wylR2OTvkXvERxmzWyg85CvV7lYrxDWX0ByqLikbkTI8XFQ9MDrBchlZUpdodu+GcJV6WzpuSDFoPXh8kO7G1KGZFdLlVsy3tlaLcVsvbLci5mDH8CuV66Wnisf0snX1t3W+oxnWV3VkgeEx2CsUJkwXGLQgjCAEndIj+BBcDVKiQDaOawdHoftjLZqSWgyqRUPL+NQI1WkhzB3SaHt57fBZ+fs1qvMrv8KxYecK7cR50Zb4dcrSkOmnAi\/LvwZDE9ftaFWCKKqaqULqae1FLSutNJbFNA6L9oBnl8ahPMCLo7vKTunM9Ewhocq0fIest5jDsUwIqMgF6F8M6GEc0FFgrij+kwd91zhthZ0dJlQA6JIhlplgUhDjcr4zxdoVVoQcQpxCq8eCdKQ5bW3DRNdg6MxAUV4N1arUNT7RninqaTkR7GEM1qJaVB4tPlcS\/qTIpzO23PtneCF0s4TRWIKO4yNIGx7hHe70feGzsNrGpp+j6WPfR65NNMVUYYnaX5c0ExvZHah+0M\/0m3h0B5K8qbP0qcee4fnUpxfXl19vIBeHA8PxUySE5ZubRqj5+L8arnwzQS4g3F6Q5Y+sHkQJmrkpSMAq\/SXGuVtTcoT7tBhqDJaTKkaQheWm1I0X0VltA0FRApEbjCCQzcnnYxKe+RdbYuIZs9Gl+9\/jjwvon3DabqSPLdFuBiup5Kr31n6tRE2XJo+2l354ejrNPf6iOaVcNozlh4d\/Qc=\" \/> \t\t<a href=\"https:\/\/www.pdf24.org\" target=\"_blank\" title=\"www.pdf24.org\" rel=\"nofollow\"><img src=\"http:\/\/www.pjh.fr\/wordpress\/wp-content\/plugins\/pdf24-post-to-pdf\/img\/pdf_32x32.png\" alt=\"\" border=\"0\" height=\"32\" \/><\/a> \t\t<span class=\"pdf24Plugin-cp-space\">&nbsp;&nbsp;<\/span> \t\t<span class=\"pdf24Plugin-cp-text\">Envoyer l'article en PDF<\/span> \t\t<span class=\"pdf24Plugin-cp-space\">&nbsp;&nbsp;<\/span> \t\t<input class=\"pdf24Plugin-cp-input\" style=\"margin: 0px;\" type=\"text\" name=\"sendEmailTo\" placeholder=\"Entrez l'adresse e-mail\" \/> \t\t<input class=\"pdf24Plugin-cp-submit\" style=\"margin: 0px;\" type=\"submit\" value=\"Envoyer\" \/> \t<\/form> <\/div>","protected":false},"excerpt":{"rendered":"<p>Cette section est d\u00e9di\u00e9e \u00e0 la maladie de Waldenstr\u00f6m et aux lymphomes lymphoplasmocytaires (LPL). Syndrome lymphoprolif\u00e9ratifs B r\u00e9sultant de l&rsquo;accumulation, principalement au niveau de la moelle osseuse, de cellules clonales lymphoplasmocytaires. Ces cellules s\u00e9cr\u00e8tent dans la majorit\u00e9 des cas (&gt; 95%) une immunoglobuline monoclonale (Ig) de type Ig M, l&rsquo;association prolif\u00e9ration lymphoplasomocytaire et pic IgM [&hellip;]<\/p>\n","protected":false},"author":1,"featured_media":27,"parent":0,"menu_order":11,"comment_status":"open","ping_status":"open","template":"","meta":[],"_links":{"self":[{"href":"http:\/\/www.pjh.fr\/wordpress\/index.php?rest_route=\/wp\/v2\/pages\/24"}],"collection":[{"href":"http:\/\/www.pjh.fr\/wordpress\/index.php?rest_route=\/wp\/v2\/pages"}],"about":[{"href":"http:\/\/www.pjh.fr\/wordpress\/index.php?rest_route=\/wp\/v2\/types\/page"}],"author":[{"embeddable":true,"href":"http:\/\/www.pjh.fr\/wordpress\/index.php?rest_route=\/wp\/v2\/users\/1"}],"replies":[{"embeddable":true,"href":"http:\/\/www.pjh.fr\/wordpress\/index.php?rest_route=%2Fwp%2Fv2%2Fcomments&post=24"}],"version-history":[{"count":17,"href":"http:\/\/www.pjh.fr\/wordpress\/index.php?rest_route=\/wp\/v2\/pages\/24\/revisions"}],"predecessor-version":[{"id":26,"href":"http:\/\/www.pjh.fr\/wordpress\/index.php?rest_route=\/wp\/v2\/pages\/24\/revisions\/26"}],"wp:featuredmedia":[{"embeddable":true,"href":"http:\/\/www.pjh.fr\/wordpress\/index.php?rest_route=\/wp\/v2\/media\/27"}],"wp:attachment":[{"href":"http:\/\/www.pjh.fr\/wordpress\/index.php?rest_route=%2Fwp%2Fv2%2Fmedia&parent=24"}],"curies":[{"name":"wp","href":"https:\/\/api.w.org\/{rel}","templated":true}]}}