{"id":210,"date":"2010-05-09T17:58:25","date_gmt":"2010-05-09T15:58:25","guid":{"rendered":"http:\/\/www.pjh.fr\/wordpress\/?page_id=210"},"modified":"2010-09-28T13:41:29","modified_gmt":"2010-09-28T11:41:29","slug":"chimiotherapies","status":"publish","type":"page","link":"http:\/\/www.pjh.fr\/wordpress\/?page_id=210","title":{"rendered":"Chimioth\u00e9rapies"},"content":{"rendered":"<p>Cette section pr\u00e9sente les principales chimioth\u00e9rapies et autres traitements des h\u00e9mopathies sous la forme de tableau d\u00e9taill\u00e9s de traitement ainsi que certaines informations tels que les effets secondaires et aides \u00e0 la prise en charge de ceux-ci.<\/p>\n<p><strong>La liste des traitement \u00e0 jour <\/strong>est dans la colonne de droite ==&gt;<\/p>\n<ul>\n<li>ABVD<\/li>\n<li>VMP (VISTA)<\/li>\n<li>FCR \u00ab\u00a0lite\u00a0\u00bb<\/li>\n<\/ul>\n\n<div class=\"pdf24Plugin-cp\"> \t<form name=\"pdf24Form0\" method=\"post\" action=\"https:\/\/doc2pdf.pdf24.org\/wordpress.php\" target=\"pdf24PopWin\" onsubmit=\"var pdf24Win = window.open('about:blank', 'pdf24PopWin', 'resizable=yes,scrollbars=yes,width=600,height=250,left='+(screen.width\/2-300)+',top='+(screen.height\/3-125)+''); pdf24Win.focus(); if(typeof pdf24OnCreatePDF === 'function'){void(pdf24OnCreatePDF(this,pdf24Win));}\"> \t\t<input type=\"hidden\" name=\"blogCharset\" value=\"Cw1x07UAAA==\" \/><input type=\"hidden\" name=\"blogPosts\" value=\"MwQA\" \/><input type=\"hidden\" name=\"blogUrl\" value=\"yygpKbDS1y8vL9cryMrQSyvSL88vSikoSi0uBgA=\" \/><input type=\"hidden\" name=\"blogName\" value=\"C0gtKs7PS8xR8MovLQLR+WkKjgoeiam5iSX5OfnpmcUlAA==\" \/><input type=\"hidden\" name=\"blogValueEncoding\" value=\"gzdeflate base64\" \/><input type=\"hidden\" name=\"postId_0\" value=\"MzI0AAA=\" \/><input type=\"hidden\" name=\"postTitle_0\" value=\"c87IzM3ML8k4vLIosSAztRgA\" \/><input type=\"hidden\" name=\"postLink_0\" value=\"yygpKbDS1y8vL9cryMrQSyvSL88vSikoSi0u1rcvSExPjc9MsTUyNAAA\" \/><input type=\"hidden\" name=\"postAuthor_0\" value=\"cylSCMhMzgcA\" \/><input type=\"hidden\" name=\"postDateTime_0\" value=\"MzIwNNA1MNU1sFQwNLcyMLUyMgUA\" \/><input type=\"hidden\" name=\"postContent_0\" value=\"TU9LTgMxDN33FF4hWMAcgOlIpRUSEkgIUPcm406NMklIHInjdFtxBHYzF8MJFbCJ7OeX92lDtyYRgkRG2DsIcT4mcopYSrqxMxywzGbPI3vZz8eIgRUgAcwSdZKILDTqtwS97soZfUDZF1ryOYFF2Pk4kp5B8NUSZujnoyBbq4YV\/hUBZJcY3jOBoagcpzLsigCWkGpINtV7CUa7HamxNvCuR46naFySzIdirTUSATntgHGoIQzlj0vDV20TukUbujZJ9G7o7hEsJ6Ha418kFXrzOULbnIiUBHp0tZrx1jtXdfvo9Qssl2eDXP+IZ6uP5W51s920jQ512z48wvn27vlldfEH3q6fYPqcDlY1psP0dbo0RWLxDQ==\" \/> \t\t<a href=\"https:\/\/www.pdf24.org\" target=\"_blank\" title=\"www.pdf24.org\" rel=\"nofollow\"><img src=\"http:\/\/www.pjh.fr\/wordpress\/wp-content\/plugins\/pdf24-post-to-pdf\/img\/pdf_32x32.png\" alt=\"\" border=\"0\" height=\"32\" \/><\/a> \t\t<span class=\"pdf24Plugin-cp-space\">&nbsp;&nbsp;<\/span> \t\t<span class=\"pdf24Plugin-cp-text\">Envoyer l'article en PDF<\/span> \t\t<span class=\"pdf24Plugin-cp-space\">&nbsp;&nbsp;<\/span> \t\t<input class=\"pdf24Plugin-cp-input\" style=\"margin: 0px;\" type=\"text\" name=\"sendEmailTo\" placeholder=\"Entrez l'adresse e-mail\" \/> \t\t<input class=\"pdf24Plugin-cp-submit\" style=\"margin: 0px;\" type=\"submit\" value=\"Envoyer\" \/> \t<\/form> <\/div>","protected":false},"excerpt":{"rendered":"<p>Cette section pr\u00e9sente les principales chimioth\u00e9rapies et autres traitements des h\u00e9mopathies sous la forme de tableau d\u00e9taill\u00e9s de traitement ainsi que certaines informations tels que les effets secondaires et aides \u00e0 la prise en charge de ceux-ci. La liste des traitement \u00e0 jour est dans la colonne de droite ==&gt; ABVD VMP (VISTA) FCR \u00ab\u00a0lite\u00a0\u00bb [&hellip;]<\/p>\n","protected":false},"author":1,"featured_media":0,"parent":0,"menu_order":17,"comment_status":"open","ping_status":"open","template":"","meta":[],"_links":{"self":[{"href":"http:\/\/www.pjh.fr\/wordpress\/index.php?rest_route=\/wp\/v2\/pages\/210"}],"collection":[{"href":"http:\/\/www.pjh.fr\/wordpress\/index.php?rest_route=\/wp\/v2\/pages"}],"about":[{"href":"http:\/\/www.pjh.fr\/wordpress\/index.php?rest_route=\/wp\/v2\/types\/page"}],"author":[{"embeddable":true,"href":"http:\/\/www.pjh.fr\/wordpress\/index.php?rest_route=\/wp\/v2\/users\/1"}],"replies":[{"embeddable":true,"href":"http:\/\/www.pjh.fr\/wordpress\/index.php?rest_route=%2Fwp%2Fv2%2Fcomments&post=210"}],"version-history":[{"count":5,"href":"http:\/\/www.pjh.fr\/wordpress\/index.php?rest_route=\/wp\/v2\/pages\/210\/revisions"}],"predecessor-version":[{"id":688,"href":"http:\/\/www.pjh.fr\/wordpress\/index.php?rest_route=\/wp\/v2\/pages\/210\/revisions\/688"}],"wp:attachment":[{"href":"http:\/\/www.pjh.fr\/wordpress\/index.php?rest_route=%2Fwp%2Fv2%2Fmedia&parent=210"}],"curies":[{"name":"wp","href":"https:\/\/api.w.org\/{rel}","templated":true}]}}