{"id":114,"date":"2010-04-26T16:27:38","date_gmt":"2010-04-26T14:27:38","guid":{"rendered":"http:\/\/www.pjh.fr\/wordpress\/?page_id=114"},"modified":"2010-04-26T16:27:38","modified_gmt":"2010-04-26T14:27:38","slug":"ipsswm-2009","status":"publish","type":"page","link":"http:\/\/www.pjh.fr\/wordpress\/?page_id=114","title":{"rendered":"IPSSWM 2009"},"content":{"rendered":"<h1>International Prognostic Staging System for WM<sup> <\/sup>(IPSSWM)<\/h1>\n<blockquote><p><a href=\"..\/..\/joomla\/index.php?option=com_jombib&amp;task=showbib&amp;id=11&amp;return=index.php%3Foption%3Dcom_jombib%26amp%3Bcatid%3D54&amp;Itemid=71\" target=\"_blank\">Morel, P., Duhamel, A., Gobbi, P., Dimopoulos, M. A.,   Dhodapkar, M. V., McCoy, J., Crowley, J., Ocio, E. M., Garcia-Sanz, R.,   Treon, S. P., Leblond, V., Kyle, R. A., Barlogie, B. and Merlini, G.   (2009), <strong>\u00ab\u00a0International prognostic scoring system for Waldenstrom   macroglobulinemia\u00a0\u00bb, <em>Blood<\/em>, <\/strong><strong>113, <\/strong><strong>18:  4163-70.<\/strong><\/a><\/p><\/blockquote>\n<p><strong>5 facteurs de risque<\/strong> (si  pr\u00e9sent : 1 point)<\/p>\n<table border=\"1\" cellspacing=\"0\" cellpadding=\"5\">\n<tbody>\n<tr>\n<td scope=\"colgroup\"><strong>Facteurs de risque <\/strong><\/td>\n<td><strong>Nombre  de  facteurs<br \/>\n<\/strong><\/td>\n<td><strong>Groupe<br \/>\n<\/strong><\/td>\n<td><strong>Survie  \u00e0 5 ans<br \/>\n<\/strong><\/td>\n<td><strong>m\u00e9diane  de survie<br \/>\n<\/strong><\/td>\n<\/tr>\n<tr>\n<td><strong>Age\u00a0 &gt; 65 ans<\/strong><\/td>\n<td><\/td>\n<td><\/td>\n<td><\/td>\n<td><\/td>\n<\/tr>\n<tr>\n<td><strong> H\u00e9moglobine &lt;  ou = 11.5 g\/dL<br \/>\n<\/strong><\/td>\n<td>Age  &lt; ou = 65 ans<br \/>\net 0-1<\/td>\n<td>Low\/faible<\/td>\n<td>87%<\/td>\n<td>142.5<\/td>\n<\/tr>\n<tr>\n<td><strong> Plaquettes &lt;  ou = 100 000\/mm<sup>3<\/sup><br \/>\n<\/strong><\/td>\n<td>Age &gt;  65 ans ou 2<\/td>\n<td>Interm\u00e9diaire<\/td>\n<td>68%<\/td>\n<td>98.6<\/td>\n<\/tr>\n<tr>\n<td><strong> Beta2-microglobuline  &gt; 3 mg\/L<\/strong><\/td>\n<td>3 ou +<\/td>\n<td>High\/\u00e9lev\u00e9<\/td>\n<td>36%<\/td>\n<td>43.5<\/td>\n<\/tr>\n<tr>\n<td><strong> Prot\u00e9ine  monoclonale s\u00e9rique &gt; 70 g\/L<br \/>\n<\/strong><\/td>\n<td><\/td>\n<td><\/td>\n<td><\/td>\n<td><\/td>\n<\/tr>\n<\/tbody>\n<\/table>\n<p><a href=\"http:\/\/www.pjh.fr\/wordpress\/wp-content\/uploads\/2010\/04\/survie_ipsswm.jpg\" rel=\"lightbox[114]\"><img loading=\"lazy\" class=\"aligncenter size-full wp-image-116\" title=\"survie_ipsswm\" src=\"http:\/\/www.pjh.fr\/wordpress\/wp-content\/uploads\/2010\/04\/survie_ipsswm.jpg\" alt=\"\" width=\"652\" height=\"454\" srcset=\"http:\/\/www.pjh.fr\/wordpress\/wp-content\/uploads\/2010\/04\/survie_ipsswm.jpg 652w, http:\/\/www.pjh.fr\/wordpress\/wp-content\/uploads\/2010\/04\/survie_ipsswm-300x208.jpg 300w\" sizes=\"(max-width: 652px) 100vw, 652px\" \/><\/a><\/p>\n<p><a href=\"http:\/\/www.pjh.fr\/wordpress\/wp-content\/uploads\/2010\/04\/zh80170934260002.jpeg\" rel=\"lightbox[114]\"><img loading=\"lazy\" class=\"aligncenter size-medium wp-image-117\" title=\"zh80170934260002\" src=\"http:\/\/www.pjh.fr\/wordpress\/wp-content\/uploads\/2010\/04\/zh80170934260002-300x183.jpg\" alt=\"\" width=\"300\" height=\"183\" srcset=\"http:\/\/www.pjh.fr\/wordpress\/wp-content\/uploads\/2010\/04\/zh80170934260002-300x183.jpg 300w, http:\/\/www.pjh.fr\/wordpress\/wp-content\/uploads\/2010\/04\/zh80170934260002-1024x626.jpg 1024w, http:\/\/www.pjh.fr\/wordpress\/wp-content\/uploads\/2010\/04\/zh80170934260002.jpeg 1280w\" sizes=\"(max-width: 300px) 100vw, 300px\" \/><\/a><\/p>\n<p style=\"text-align: center;\"><strong>Figure 2.<\/strong> <strong>ISSWM: staging by  age  and treatment<\/strong>.<br \/>\n(A) Patient age 65 years or less. (B)  Patient age  more than 65 years.<br \/>\n(C) Standard <strong>alkylating-based  chemotherapy<\/strong>.  (D) <strong>Purine analog therapy<\/strong>. <em>P<\/em> &lt; .001 for each plot.<\/p>\n<p><strong>Valable  aussi chez les  patients ayant re\u00e7u du rituximab&#8230;<\/strong><\/p>\n<blockquote><p>NB  : 96% des patients ont re\u00e7u  un traitement de premi\u00e8re ligne avec des  agents alkylants ou des  analogues nucl\u00e9osidiques. L&rsquo;IPSSWM a \u00e9t\u00e9 valid\u00e9  sur une seconde s\u00e9rie de  patients trait\u00e9s par <strong>rituximab <\/strong>seul ou  en association  avec de la dexamethasone et du cyclophosmadie (RCD).<br \/>\n<a href=\"..\/..\/joomla\/index.php?option=com_jombib&amp;task=showbib&amp;id=12&amp;return=index.php%3Foption%3Dcom_jombib%26amp%3Bcatid%3D54&amp;Itemid=71\"><em><strong>Dimopoulos   M, Kastritis E, Delimpassi S, et al: The International Prognostic   Scoring System for Waldenstrom&rsquo;s macroglobulinemia is applicable in   patients treated with rituximab-based regimens. Haematologica   93:1420-1422, 2008<\/strong><\/em><\/a><\/p><\/blockquote>\n\n<div class=\"pdf24Plugin-cp\"> \t<form name=\"pdf24Form0\" method=\"post\" action=\"https:\/\/doc2pdf.pdf24.org\/wordpress.php\" target=\"pdf24PopWin\" onsubmit=\"var pdf24Win = window.open('about:blank', 'pdf24PopWin', 'resizable=yes,scrollbars=yes,width=600,height=250,left='+(screen.width\/2-300)+',top='+(screen.height\/3-125)+''); pdf24Win.focus(); if(typeof pdf24OnCreatePDF === 'function'){void(pdf24OnCreatePDF(this,pdf24Win));}\"> \t\t<input type=\"hidden\" name=\"blogCharset\" value=\"Cw1x07UAAA==\" \/><input type=\"hidden\" name=\"blogPosts\" value=\"MwQA\" \/><input type=\"hidden\" name=\"blogUrl\" value=\"yygpKbDS1y8vL9cryMrQSyvSL88vSikoSi0uBgA=\" \/><input type=\"hidden\" name=\"blogName\" value=\"C0gtKs7PS8xR8MovLQLR+WkKjgoeiam5iSX5OfnpmcUlAA==\" \/><input type=\"hidden\" name=\"blogValueEncoding\" value=\"gzdeflate base64\" \/><input type=\"hidden\" name=\"postId_0\" value=\"MzQ0AQA=\" \/><input type=\"hidden\" name=\"postTitle_0\" value=\"8wwIDg73VTAyMLAEAA==\" \/><input type=\"hidden\" name=\"postLink_0\" value=\"yygpKbDS1y8vL9cryMrQSyvSL88vSikoSi0u1rcvSExPjc9MsTU0NAEA\" \/><input type=\"hidden\" name=\"postAuthor_0\" value=\"cylSCMhMzgcA\" \/><input type=\"hidden\" name=\"postDateTime_0\" value=\"MzIwNNA1MNE1MlMwNLMyMLEytgAA\" \/><input type=\"hidden\" name=\"postContent_0\" value=\"rVdbU9tGFH7nV5xRBwZPbd1sjAGbToBcaCFl4kzy0Olk1tIibVhpld0Vtvk1vLWe\/oS+4T\/Wsysjm3BJpmEGLO3q3M+3e87pp8H+ca6pzIlmIicczqRIcqE0i2CoScLyBIZTpWkG50LCx9O+Kot96HvmsXl8Nhx+PG30PRSz1h9xEV18KYWm+\/1iv08glfR84Liuh3+fhcg48Vge04lbpMUvojAaB5HIPn0W2YiNNkhW7GmiLgYqFePbDRYPgsC+SapLmQ9qCevtV5WM9fbRUsp62EXi9fZBhB7F+GmrY7mP0QWUtR04oIlMqB44n0ac5BfO\/qmQlDfhzG3CUZmSzCxe4OK1GI3YYp9lohAlF6oJp679CnCUipgUF0TavQ+4dxodimkTfsXXQynGnC4Wv0dMNOGli3QolsiIkdaQ5FdNeGclvZdU5E0YulbZCcVI5nHTivxtyqkhszoPiOQiYbhx4ALJYzilkrMcjXztopjN0Pd3Gk3oKy1Fnuzf\/HNzfTe7xTK7KhLSZFetZJfwmOaGOUNpGYmQmotRiSoweOTm+uZfFE6z\/QMuRNz38K1poFBpu9UaBO2Hdnu7AJ2g225t++7yq0fwH8HirYBnzaBnQbAF5yTStJQKYgqSqS8lrblhUzFAn+YzRXMNuxBAIViuG0bkWl+TEacwEjKmcuBg4iPKuSpIhG4PHL9aFySO7XrLMSwjEU\/NU5qf2ASpoAMnEjyRoiyc2q5X96xacdnTsWWvqd8iNCUFQ1z70x9J8JDsca7XRiX9Nt2wlJcMJc+vYQtR8R2Ss\/ksZiSvLFKW\/REmr4qEvMv\/IqE317CR6D3oViof0PU9bw+LhzfzWWahh8CDDY5qQJQwgCBwtyDx4pPHXUTToGKxHN3ViFANfitY0p6IsXdOGKJkudfbXl8ugk7obj1t6hknmHytqbpjqO+D7\/teltn7sl3dl09bbcO5MNhICZef7SGuksbkirHd3oqxOz23+7StB1STsJWx1XMNld42ZIl38oBlbWPKz8v1G5ak3nzG6eV8tkLVXTGk0\/5m0KTQ85nVnolcRNxcTojE+Uwyc5SsSds+GJMeB\/P3A8y7PdeevROqG+a2PqVaF7ueNx6P3eJz6p5Lb4xXRiGpUt64aEUCg59rryy4ILHyQj\/wPb\/jVcfmEyuUGmfu5yJxAMvIwOEYIFQ3+SMIOn\/ihcGyBAynvWQ4uZrivcOJUgOHIGkeUZNbUOyKts5LzgFVsowktBUEXaxVTHO8gO4oc0DJ6DntJhyroQNjFut04HS3QgdSatwYOJ2tjlWnTMF8Lo0I8nDchOcQ12r7\/iT0e1Ysvo8dG0qM7mZGJi3r0q7RV0wa5lReol67chBVt9XnOeBwlfb8YNvfaXfCLp78EA2izwCJjMaszFZBsV2D4muVP4aLr6XZyAa99kMQwU9LiCDND0PkKeU2rf8bLfckB37YmXTDrhVtFs8n2+YcgrD3CAzRkRUY2tVXMASlpya1mk50y4JhFyo47K30HiwpsZsIl21U3fEdm358F6VUnftoCkBMQTS9opaU6AyF1Wzu4nLdfNGAM2wRTRNlyLEGTSnB5gZ7Qo4xcGHzoAF3SPDeRhN0SvKaupZ22DCjQx4TGdeGEX4x5cifJ60RUTQGiFKaCZ1SSYrp0iJsYo8aNddZKU2RIFgdRAL3iU0vemb70Kr4ur4f2E6WkigFzJZ26\/O9YPpAuG0LgZQKu0e04sr4iG1k5Z0CMiXopKTzv0qIS+zudDnBwzfa+KkXtv29lUpU3Bt63h4AtqE73XVsrNRSpKgFQpljIgjDltuEEtsvRFnG5n9jNE260dlLGlluE2drjw2dFVMuPth4lPialxGfz4RisambmKiTDYnNqNirJjMgMJ9hpYVLxFKMT9PsoQlYaimCOl6UXGob09paax\/21Lgj61TUYVj2uYqW3NgENAe8vQRONWbMgFsXgBP8neBAhThRArViA4YRjaZY8ItUqAyvQAqb7w6PGrfgecapMXzWqXHfYO02GMtxEOekUxzSCH5gmil4ibMi5SwriEHXsGlcJnwX3qcUHh20AYaLYWz44DC2yKm6P5IBqiRFwVlkQc0w+Kt5xAOPR23MdLqE8eL8SZowhCBC5g2hGdHCDJYRQf6d9i72vdgod8KwCThS9lYgb4Lw4My29h8=\" \/> \t\t<a href=\"https:\/\/www.pdf24.org\" target=\"_blank\" title=\"www.pdf24.org\" rel=\"nofollow\"><img src=\"http:\/\/www.pjh.fr\/wordpress\/wp-content\/plugins\/pdf24-post-to-pdf\/img\/pdf_32x32.png\" alt=\"\" border=\"0\" height=\"32\" \/><\/a> \t\t<span class=\"pdf24Plugin-cp-space\">&nbsp;&nbsp;<\/span> \t\t<span class=\"pdf24Plugin-cp-text\">Envoyer l'article en PDF<\/span> \t\t<span class=\"pdf24Plugin-cp-space\">&nbsp;&nbsp;<\/span> \t\t<input class=\"pdf24Plugin-cp-input\" style=\"margin: 0px;\" type=\"text\" name=\"sendEmailTo\" placeholder=\"Entrez l'adresse e-mail\" \/> \t\t<input class=\"pdf24Plugin-cp-submit\" style=\"margin: 0px;\" type=\"submit\" value=\"Envoyer\" \/> \t<\/form> <\/div>","protected":false},"excerpt":{"rendered":"<p>International Prognostic Staging System for WM (IPSSWM) Morel, P., Duhamel, A., Gobbi, P., Dimopoulos, M. A., Dhodapkar, M. V., McCoy, J., Crowley, J., Ocio, E. M., Garcia-Sanz, R., Treon, S. P., Leblond, V., Kyle, R. A., Barlogie, B. and Merlini, G. (2009), \u00ab\u00a0International prognostic scoring system for Waldenstrom macroglobulinemia\u00a0\u00bb, Blood, 113, 18: 4163-70. 5 facteurs [&hellip;]<\/p>\n","protected":false},"author":1,"featured_media":0,"parent":24,"menu_order":0,"comment_status":"open","ping_status":"open","template":"","meta":[],"_links":{"self":[{"href":"http:\/\/www.pjh.fr\/wordpress\/index.php?rest_route=\/wp\/v2\/pages\/114"}],"collection":[{"href":"http:\/\/www.pjh.fr\/wordpress\/index.php?rest_route=\/wp\/v2\/pages"}],"about":[{"href":"http:\/\/www.pjh.fr\/wordpress\/index.php?rest_route=\/wp\/v2\/types\/page"}],"author":[{"embeddable":true,"href":"http:\/\/www.pjh.fr\/wordpress\/index.php?rest_route=\/wp\/v2\/users\/1"}],"replies":[{"embeddable":true,"href":"http:\/\/www.pjh.fr\/wordpress\/index.php?rest_route=%2Fwp%2Fv2%2Fcomments&post=114"}],"version-history":[{"count":2,"href":"http:\/\/www.pjh.fr\/wordpress\/index.php?rest_route=\/wp\/v2\/pages\/114\/revisions"}],"predecessor-version":[{"id":118,"href":"http:\/\/www.pjh.fr\/wordpress\/index.php?rest_route=\/wp\/v2\/pages\/114\/revisions\/118"}],"up":[{"embeddable":true,"href":"http:\/\/www.pjh.fr\/wordpress\/index.php?rest_route=\/wp\/v2\/pages\/24"}],"wp:attachment":[{"href":"http:\/\/www.pjh.fr\/wordpress\/index.php?rest_route=%2Fwp%2Fv2%2Fmedia&parent=114"}],"curies":[{"name":"wp","href":"https:\/\/api.w.org\/{rel}","templated":true}]}}